{"id":3128,"date":"2023-05-25T16:38:38","date_gmt":"2023-05-25T16:38:38","guid":{"rendered":"https:\/\/templeofsound.at\/shops-links\/"},"modified":"2023-05-25T16:38:57","modified_gmt":"2023-05-25T16:38:57","slug":"shops-links","status":"publish","type":"page","link":"https:\/\/templeofsound.at\/en\/shops-links\/","title":{"rendered":"Shops &amp; Links"},"content":{"rendered":"\n<p><strong>canto crudo shop<\/strong>&nbsp;&nbsp;<a href=\"http:\/\/shop.canto-crudo.at\/\" target=\"_blank\" rel=\"noreferrer noopener\">http:\/\/shop.canto-crudo.at\/<\/a><br>CDs and downloads available<br><br>G\u00fcnther Rabl FAREWELL TEMPERED PIANO&nbsp;<br>G\u00fcnther Rabl ODYSSEE<br>G\u00fcnther Rabl FOURIER AUF DER REISE NACH PRAG, Werke 10, ccr410<br>G\u00fcnther Rabl GROSSE FUGE, Werke 8, ccr408<br>G\u00fcnther Rabl ETUDE IN GRAU, Werke 3, ccr403<br>Oliver Grimm \/ Chieko Mori BEPPU PROJECT, (KOTOISTIC, ccr305)<br>Guy Fleming CONFINED ENTROPY, ccr306<br>Dieter Feichtner JENSEITS VON HOLLYWOOD (Anthology vol.1, ccr501-3)<br>Gerhard Laber KONTUR-STRUKTUR-SYSTEM-ZERFALL, ccr307<br>Vinzenz Schwab M\u00c4ANDER 2, ccr902<\/p>\n\n\n\n<p><strong>Stockhausen-Verlag<\/strong>&nbsp;&nbsp;<a href=\"https:\/\/www.stockhausencds.com\/\" target=\"_blank\" rel=\"noreferrer noopener\">https:\/\/www.stockhausencds.com\/&nbsp;<\/a><br>CDs available<\/p>\n\n\n\n<p><br>Karlheinz Stockhausen OKTOPHONIE Edition no. 41<br>Karlheinz Stockhausen TELEMUSIK Edition no. 9<br><br><strong>bandcamp<\/strong>&nbsp;&nbsp;<a href=\"https:\/\/bandcamp.com\/\" target=\"_blank\" rel=\"noreferrer noopener\">https:\/\/bandcamp.com\/<\/a><br>CDs, vinyl or downloads available<br><br>Aleksandra S\u0142y\u017c&nbsp;A VIBRANT TOUCH<br>Beatriz Ferreyra ECHOS +<br>Bernard Parmegiani LA CREATION DU MONDE<br>Daniel Lercher BORE<br>Daniel Lercher TH_X<br>Denis Smalley TIDES: POOLS AND CURRENTS<br>Fran\u00e7ois Bayle LA FIN DU BRUIT (EROSPHERE)<br>Christian Calon PORTRAIT D&#8217;UN VISITEUR (LIGNE DE VIE)<br>Christine Groult L&#8217;HEURE ALORS S&#8217;INCLINE<br>Halim El-Dabh WIRE RECORDED PIECE<\/p>\n\n\n\n<p><br><strong>Maison ONA Paris&nbsp;<\/strong><a href=\"https:\/\/maison-ona.com\/\" target=\"_blank\" rel=\"noreferrer noopener\">https:\/\/maison-ona.com\/<\/a><br>Materialien zu Bernard Parmegiani, Fran\u00e7ois Bayle, Luc Ferrari, Pierre Henry und anderen<\/p>\n\n\n\n<p>&#8212;&#8212;&#8212;&#8212;&#8212;&#8212;&#8212;&#8212;&#8212;&#8212;&#8212;&#8212;&#8212;&#8212;&#8212;&#8212;&#8212;&#8212;&#8212;&#8212;&#8212;&#8212;&#8212;&#8212;&#8212;&#8212;&#8212;&#8212;&#8212;&#8212;&#8212;&#8212;&#8212;&#8212;&#8211;<br><br><br>Agnes Hvizdalek &nbsp;<a href=\"http:\/\/agneshvizdalek.at\/\" target=\"_blank\" rel=\"noreferrer noopener\">http:\/\/agneshvizdalek.at\/<\/a><br>Aleksandra S\u0142y\u017c &nbsp;<a href=\"https:\/\/www.aleksandraslyz.com\/\">https:\/\/www.aleksandraslyz.com\/<\/a><br>Bernard Parmegiani &nbsp;<a href=\"https:\/\/maison-ona.com\/\" target=\"_blank\" rel=\"noreferrer noopener\">https:\/\/maison-ona.com\/<\/a><br>Caroline Profanter &nbsp;<a href=\"https:\/\/cprofanter.klingt.org\/cprofanter\/home.html\" target=\"_blank\" rel=\"noreferrer noopener\">https:\/\/cprofanter.klingt.org\/cprofanter\/home.html<\/a><br>Christian Calon &nbsp;<a href=\"https:\/\/klong.ca\/10\/christian_calon.html\" target=\"_blank\" rel=\"noreferrer noopener\">https:\/\/klong.ca\/10\/christian_calon.html<\/a><br>Christian Tschinkel &nbsp;<a href=\"https:\/\/www.acousmonuments.space\/\" target=\"_blank\" rel=\"noreferrer noopener\">https:\/\/www.acousmonuments.space\/<\/a><br>Daniel Lercher &nbsp;<a href=\"https:\/\/lercher.klingt.org\/\" target=\"_blank\" rel=\"noreferrer noopener\">https:\/\/lercher.klingt.org\/<\/a><\/p>\n\n\n\n<p>Fran\u00e7ois Bayle &nbsp;<a rel=\"noreferrer noopener\" href=\"http:\/\/www.francoisbayle.fr\/\" target=\"_blank\">http:\/\/www.francoisbayle.fr\/<\/a>, <a href=\"https:\/\/maison-ona.com\/\" target=\"_blank\" rel=\"noreferrer noopener\">https:\/\/maison-ona.com\/<\/a><br>Gerhard Laber &nbsp;<a href=\"https:\/\/www.gerhardlaber.net\/\" target=\"_blank\" rel=\"noreferrer noopener\">https:\/\/www.gerhardlaber.net\/<\/a><br>G\u00fcnther Rabl &nbsp;<a href=\"https:\/\/www.canto-crudo.at\/\" target=\"_blank\" rel=\"noreferrer noopener\">https:\/\/www.canto-crudo.at\/<\/a><br>Halim El-Dabh &nbsp;<a href=\"http:\/\/www.halimeldabh.com\/\" target=\"_blank\" rel=\"noreferrer noopener\">http:\/\/www.halimeldabh.com\/<\/a><br>Henrik Munjeby N\u00f8rsteb\u00f8 &nbsp;<a href=\"http:\/\/www.henriknorstebo.com\/\" target=\"_blank\" rel=\"noreferrer noopener\">http:\/\/www.henriknorstebo.com\/<\/a><br>Karlheinz Essl &nbsp;<a href=\"https:\/\/www.essl.at\/\" target=\"_blank\" rel=\"noreferrer noopener\">https:\/\/www.essl.at\/<\/a><br>Karlheinz Stockhausen &nbsp;<a href=\"http:\/\/www.karlheinzstockhausen.org\/\" target=\"_blank\" rel=\"noreferrer noopener\">http:\/\/www.karlheinzstockhausen.org\/<\/a><br>Katharina Klement &nbsp;<a href=\"https:\/\/www.katharinaklement.com\/\" target=\"_blank\" rel=\"noreferrer noopener\">https:\/\/www.katharinaklement.com\/<\/a><br>Manuel Knapp &nbsp;<a href=\"https:\/\/knapp.klingt.org\/\" target=\"_blank\" rel=\"noreferrer noopener\">https:\/\/knapp.klingt.org\/<\/a><br>Manuel Rocha Iturbide &nbsp;<a href=\"https:\/\/www.artesonoro.net\/\" target=\"_blank\" rel=\"noreferrer noopener\">https:\/\/www.artesonoro.net\/<\/a><br>Pierre Henry &nbsp;<a href=\"https:\/\/maison-ona.com\/\" target=\"_blank\" rel=\"noreferrer noopener\">https:\/\/maison-ona.com\/<\/a><br>Tim Blechmann &nbsp;<a href=\"https:\/\/tim.klingt.org\/\" target=\"_blank\" rel=\"noreferrer noopener\">https:\/\/tim.klingt.org\/<\/a><br>Veronika Mayer &nbsp;<a href=\"https:\/\/veronikamayer.com\/\" target=\"_blank\" rel=\"noreferrer noopener\">https:\/\/veronikamayer.com\/<\/a><br>Vinzenz Schwab &nbsp;<a href=\"https:\/\/vinzenz.klingt.org\/\" target=\"_blank\" rel=\"noreferrer noopener\">https:\/\/vinzenz.klingt.org\/<\/a><\/p>\n","protected":false},"excerpt":{"rendered":"<p>canto crudo shop&nbsp;&nbsp;http:\/\/shop.canto-crudo.at\/CDs and downloads available G\u00fcnther Rabl FAREWELL TEMPERED PIANO&nbsp;G\u00fcnther Rabl ODYSSEEG\u00fcnther Rabl FOURIER AUF DER REISE NACH PRAG, Werke 10, ccr410G\u00fcnther Rabl GROSSE FUGE, Werke 8, ccr408G\u00fcnther Rabl ETUDE IN GRAU, Werke 3, ccr403Oliver Grimm \/ Chieko Mori BEPPU PROJECT, (KOTOISTIC, ccr305)Guy Fleming CONFINED ENTROPY, ccr306Dieter Feichtner JENSEITS VON HOLLYWOOD (Anthology vol.1, ccr501-3)Gerhard Laber KONTUR-STRUKTUR-SYSTEM-ZERFALL, ccr307Vinzenz Schwab M\u00c4ANDER 2, ccr902 Stockhausen-Verlag&nbsp;&nbsp;https:\/\/www.stockhausencds.com\/&nbsp;CDs available Karlheinz Stockhausen OKTOPHONIE Edition no. 41Karlheinz Stockhausen TELEMUSIK Edition no. 9 bandcamp&nbsp;&nbsp;https:\/\/bandcamp.com\/CDs, vinyl or downloads available Aleksandra S\u0142y\u017c&nbsp;A VIBRANT TOUCHBeatriz Ferreyra ECHOS +Bernard Parmegiani LA CREATION DU MONDEDaniel Lercher BOREDaniel Lercher TH_XDenis Smalley TIDES: POOLS AND\u2026<\/p>\n","protected":false},"author":3,"featured_media":0,"parent":0,"menu_order":0,"comment_status":"closed","ping_status":"closed","template":"page-impressum.php","meta":{"_acf_changed":false,"footnotes":""},"class_list":["post-3128","page","type-page","status-publish","hentry"],"acf":[],"_links":{"self":[{"href":"https:\/\/templeofsound.at\/en\/wp-json\/wp\/v2\/pages\/3128","targetHints":{"allow":["GET"]}}],"collection":[{"href":"https:\/\/templeofsound.at\/en\/wp-json\/wp\/v2\/pages"}],"about":[{"href":"https:\/\/templeofsound.at\/en\/wp-json\/wp\/v2\/types\/page"}],"author":[{"embeddable":true,"href":"https:\/\/templeofsound.at\/en\/wp-json\/wp\/v2\/users\/3"}],"replies":[{"embeddable":true,"href":"https:\/\/templeofsound.at\/en\/wp-json\/wp\/v2\/comments?post=3128"}],"version-history":[{"count":1,"href":"https:\/\/templeofsound.at\/en\/wp-json\/wp\/v2\/pages\/3128\/revisions"}],"predecessor-version":[{"id":3129,"href":"https:\/\/templeofsound.at\/en\/wp-json\/wp\/v2\/pages\/3128\/revisions\/3129"}],"wp:attachment":[{"href":"https:\/\/templeofsound.at\/en\/wp-json\/wp\/v2\/media?parent=3128"}],"curies":[{"name":"wp","href":"https:\/\/api.w.org\/{rel}","templated":true}]}}